{"id":66,"date":"2025-03-15T16:01:08","date_gmt":"2025-03-15T16:01:08","guid":{"rendered":"https:\/\/villa-belle-rive.com\/?page_id=66"},"modified":"2025-03-24T11:07:52","modified_gmt":"2025-03-24T11:07:52","slug":"nos-chambres","status":"publish","type":"page","link":"https:\/\/villa-belle-rive.com\/?page_id=66","title":{"rendered":"Nos chambres"},"content":{"rendered":"\n<p>Nous proposons trois chambres &#8220;Confort&#8221;. Chacune d&#8217;elle dispose de toilettes, d&#8217;une douche privative, d&#8217;une connexion Wi-Fi 24h\/24 et vous propose une vue idyllique avec, au loin la mer, et plus proches, nos jardins arbor\u00e9s ainsi que la piscine et sa plage \u00e0 vos pieds, pour vous d\u00e9tendre.\u00a0<br>Ses 3 chambres sont notre offre dite &#8220;premium&#8221; de notre prestation d &#8216;h\u00e9bergement. Les chambres &#8220;Aile&#8221; disposent \u00e9galement de deux grands balcons de la Belle Epoque, enchanteurs. La chambre Sud, d\u00e9pourvue\u00a0 de balcon, propose toutefois la plus vue la plus exceptionnelle de la r\u00e9sidence.<\/p>\n\n\n\n\n\n\n\n<p class=\"is-style-sydney-no-margin\">Nous proposons \u00e9galement des chambres destin\u00e9es \u00e0 des budgets plus restreints, b\u00e9n\u00e9ficiant du m\u00eame environnement calme et\u00a0situ\u00e9es au deuxi\u00e8me \u00e9tage (sans ascenseur). Ces chambres partagent douche et toilettes avec les autres chambres du deuxi\u00e8me \u00e9tage. Elles constituent une excellente option. Le Wi-Fi est disponible dans les espaces communs durant les heures ouvr\u00e9es. Nous proposons deux chambres doubles (chambres mansard\u00e9es 1 et 3) avec deux lits simples ou un lit double. Les chambres mansard\u00e9es 2, 4 et 5 disposent d&#8217;un lit simple plus sp\u00e9cifiquement destin\u00e9es aux personnes non accompagn\u00e9es.<\/p>\n\n\n\n\n\n<p>Trois chambres \u00e9conomiques suppl\u00e9mentaires sont localis\u00e9es dans le b\u00e2timent annexe \u00ab&nbsp;la Petite Maison&nbsp;\u00bb. Vous y partagez egalement l&#8217;usage de la salle de bain et des toilettes avec les autres chambres de la Villa annexe.&nbsp;<\/p>\n\n\n\n<p>La chambre 5A est au rez-de-chauss\u00e9e, les chambres 5B et 3A sont au premier \u00e9tage. La chambre 3A peut accueillir deux personnes ; elle est \u00e9quip\u00e9e de deux lits simples ou d&#8217;un lit double. Les chambres 5A et 5B disposent d&#8217;un lit simple et sont r\u00e9serv\u00e9es aux personnes non accompagn\u00e9es. Vous pouvez utiliser le Wi-Fi dans les pi\u00e8ces communes pendant les heures ouvr\u00e9es.<\/p>\n\n\n\n\n\n<p>Pour davantage\u00a0d&#8217;informations sur les services propos\u00e9s par la Villa Belle Rive, nous vous invitons \u00e0 consulter la page \u00ab <a href=\"https:\/\/villa-belle-rive.com\/?page_id=112\" data-type=\"page\" data-id=\"112\">ce que nous proposons<\/a> \u00bb.<\/p>\n","protected":false},"excerpt":{"rendered":"<p>Nous proposons trois chambres &#8220;Confort&#8221;. Chacune d&#8217;elle dispose de toilettes, d&#8217;une douche privative, d&#8217;une connexion Wi-Fi 24h\/24 et vous propose une vue [&hellip;]<\/p>\n","protected":false},"author":1,"featured_media":0,"parent":0,"menu_order":0,"comment_status":"closed","ping_status":"closed","template":"page-templates\/page_fullwidth.php","meta":{"pagelayer_contact_templates":[],"_pagelayer_content":"","footnotes":""},"class_list":["post-66","page","type-page","status-publish","hentry"],"_links":{"self":[{"href":"https:\/\/villa-belle-rive.com\/index.php?rest_route=\/wp\/v2\/pages\/66","targetHints":{"allow":["GET"]}}],"collection":[{"href":"https:\/\/villa-belle-rive.com\/index.php?rest_route=\/wp\/v2\/pages"}],"about":[{"href":"https:\/\/villa-belle-rive.com\/index.php?rest_route=\/wp\/v2\/types\/page"}],"author":[{"embeddable":true,"href":"https:\/\/villa-belle-rive.com\/index.php?rest_route=\/wp\/v2\/users\/1"}],"replies":[{"embeddable":true,"href":"https:\/\/villa-belle-rive.com\/index.php?rest_route=%2Fwp%2Fv2%2Fcomments&post=66"}],"version-history":[{"count":5,"href":"https:\/\/villa-belle-rive.com\/index.php?rest_route=\/wp\/v2\/pages\/66\/revisions"}],"predecessor-version":[{"id":315,"href":"https:\/\/villa-belle-rive.com\/index.php?rest_route=\/wp\/v2\/pages\/66\/revisions\/315"}],"wp:attachment":[{"href":"https:\/\/villa-belle-rive.com\/index.php?rest_route=%2Fwp%2Fv2%2Fmedia&parent=66"}],"curies":[{"name":"wp","href":"https:\/\/api.w.org\/{rel}","templated":true}]}}