{"id":60,"date":"2025-03-15T15:58:36","date_gmt":"2025-03-15T15:58:36","guid":{"rendered":"https:\/\/villa-belle-rive.com\/?page_id=60"},"modified":"2025-03-24T11:44:14","modified_gmt":"2025-03-24T11:44:14","slug":"willkommen","status":"publish","type":"page","link":"https:\/\/villa-belle-rive.com\/?page_id=60","title":{"rendered":"Willkommen"},"content":{"rendered":"\n<p>Vielen Dank f\u00fcr Ihr Interesse an der Villa Belle Rive. Unser Haus und die Nebengeb\u00e4ude stammen aus dem Jahr 1863. \u00dcber die Jahre wurde das Flair der damaligen Zeit bewahrt. Sanit\u00e4ranlagen, Heizung und Elektrizit\u00e4t wurden auf den neuesten Stand gebracht. Allerdings wurde das Flair der \u201eBelle Epoque\u201c so weit wie m\u00f6glich bewahrt. Wenn Sie ein authentisches Erlebnis suchen, sind Sie hier genau richtig!<\/p>\n\n\n\n\n<figure class=\"wp-block-gallery has-nested-images columns-default is-cropped wp-block-gallery-1 is-layout-flex wp-block-gallery-is-layout-flex\">\n<figure class=\"wp-block-image size-large\"><img loading=\"lazy\" decoding=\"async\" width=\"1024\" height=\"776\" data-id=\"40\" src=\"https:\/\/villa-belle-rive.com\/wp-content\/uploads\/2025\/03\/villa3-1024x776.jpg\" alt=\"\" class=\"wp-image-40\" srcset=\"https:\/\/villa-belle-rive.com\/wp-content\/uploads\/2025\/03\/villa3-1024x776.jpg 1024w, https:\/\/villa-belle-rive.com\/wp-content\/uploads\/2025\/03\/villa3-300x227.jpg 300w, https:\/\/villa-belle-rive.com\/wp-content\/uploads\/2025\/03\/villa3-768x582.jpg 768w, https:\/\/villa-belle-rive.com\/wp-content\/uploads\/2025\/03\/villa3-1000x758.jpg 1000w, https:\/\/villa-belle-rive.com\/wp-content\/uploads\/2025\/03\/villa3-230x174.jpg 230w, https:\/\/villa-belle-rive.com\/wp-content\/uploads\/2025\/03\/villa3-350x265.jpg 350w, https:\/\/villa-belle-rive.com\/wp-content\/uploads\/2025\/03\/villa3-480x364.jpg 480w, https:\/\/villa-belle-rive.com\/wp-content\/uploads\/2025\/03\/villa3.jpg 1055w\" sizes=\"auto, (max-width: 1024px) 100vw, 1024px\" \/><\/figure>\n\n\n\n<figure class=\"wp-block-image size-large\"><img loading=\"lazy\" decoding=\"async\" width=\"1024\" height=\"776\" data-id=\"39\" src=\"https:\/\/villa-belle-rive.com\/wp-content\/uploads\/2025\/03\/villa2-1024x776.jpg\" alt=\"\" class=\"wp-image-39\" srcset=\"https:\/\/villa-belle-rive.com\/wp-content\/uploads\/2025\/03\/villa2-1024x776.jpg 1024w, https:\/\/villa-belle-rive.com\/wp-content\/uploads\/2025\/03\/villa2-300x227.jpg 300w, https:\/\/villa-belle-rive.com\/wp-content\/uploads\/2025\/03\/villa2-768x582.jpg 768w, https:\/\/villa-belle-rive.com\/wp-content\/uploads\/2025\/03\/villa2-1000x758.jpg 1000w, https:\/\/villa-belle-rive.com\/wp-content\/uploads\/2025\/03\/villa2-230x174.jpg 230w, https:\/\/villa-belle-rive.com\/wp-content\/uploads\/2025\/03\/villa2-350x265.jpg 350w, https:\/\/villa-belle-rive.com\/wp-content\/uploads\/2025\/03\/villa2-480x364.jpg 480w, https:\/\/villa-belle-rive.com\/wp-content\/uploads\/2025\/03\/villa2.jpg 1055w\" sizes=\"auto, (max-width: 1024px) 100vw, 1024px\" \/><\/figure>\n\n\n\n<figure class=\"wp-block-image size-large\"><img loading=\"lazy\" decoding=\"async\" width=\"1024\" height=\"776\" data-id=\"41\" src=\"https:\/\/villa-belle-rive.com\/wp-content\/uploads\/2025\/03\/villa4-1024x776.jpg\" alt=\"\" class=\"wp-image-41\" srcset=\"https:\/\/villa-belle-rive.com\/wp-content\/uploads\/2025\/03\/villa4-1024x776.jpg 1024w, https:\/\/villa-belle-rive.com\/wp-content\/uploads\/2025\/03\/villa4-300x227.jpg 300w, https:\/\/villa-belle-rive.com\/wp-content\/uploads\/2025\/03\/villa4-768x582.jpg 768w, https:\/\/villa-belle-rive.com\/wp-content\/uploads\/2025\/03\/villa4-1000x758.jpg 1000w, https:\/\/villa-belle-rive.com\/wp-content\/uploads\/2025\/03\/villa4-230x174.jpg 230w, https:\/\/villa-belle-rive.com\/wp-content\/uploads\/2025\/03\/villa4-350x265.jpg 350w, https:\/\/villa-belle-rive.com\/wp-content\/uploads\/2025\/03\/villa4-480x364.jpg 480w, https:\/\/villa-belle-rive.com\/wp-content\/uploads\/2025\/03\/villa4.jpg 1055w\" sizes=\"auto, (max-width: 1024px) 100vw, 1024px\" \/><\/figure>\n<\/figure>\n\n\n\nMit einer Bushaltestelle 50 Meter, einem Bahnhof 200 Meter und einer Autobahnauffahrt 4 km entfernt ist die Villa Belle Rive ein idealer Ausgangspunkt, um die C\u00f4te d&#8217;Azur zu erkunden. Wir sind nicht nur gut an den \u00f6ffentlichen Nahverkehr angebunden: Der Strand ist nur 50 Meter von unserem Anwesen entfernt, Restaurants und Gesch\u00e4fte finden Sie in Cannes la Bocca, etwa 500 Meter entfernt. Wenn Sie zu einer Ausstellung nach Cannes kommen, bieten Bus und Bahn gute, h\u00e4ufige und schnelle Verbindungen. Zu Fuss am Strand entlang erreichen Sie die Ausstellungen in 20 Minuten.\n\n\n\n\n<p><br><img decoding=\"async\" src=\"https:\/\/villa-belle-rive.com\/wp-content\/uploads\/2025\/03\/map-1.jpg\" alt=\"\"><br>Kontaktieren Sie uns gerne unter <a href=\"mailto:info@villa-belle-rive.com\">info@villa-belle-rive.com<\/a>, um Verf\u00fcgbarkeit und Preise anzufragen. Teilen Sie uns einfach Ihre Wunschdaten, die Anzahl der Personen und die <a href=\"https:\/\/villa-belle-rive.com\/?page_id=64\" data-type=\"page\" data-id=\"64\">Zimmer<\/a> mit, die f\u00fcr Sie von Interesse sein k\u00f6nnten.<\/p>\n\n\n\n<p><\/p>\n","protected":false},"excerpt":{"rendered":"<p>Vielen Dank f\u00fcr Ihr Interesse an der Villa Belle Rive. Unser Haus und die Nebengeb\u00e4ude stammen aus dem Jahr 1863. \u00dcber die [&hellip;]<\/p>\n","protected":false},"author":1,"featured_media":0,"parent":0,"menu_order":0,"comment_status":"closed","ping_status":"closed","template":"page-templates\/page_fullwidth.php","meta":{"pagelayer_contact_templates":[],"_pagelayer_content":"","footnotes":""},"class_list":["post-60","page","type-page","status-publish","hentry"],"_links":{"self":[{"href":"https:\/\/villa-belle-rive.com\/index.php?rest_route=\/wp\/v2\/pages\/60","targetHints":{"allow":["GET"]}}],"collection":[{"href":"https:\/\/villa-belle-rive.com\/index.php?rest_route=\/wp\/v2\/pages"}],"about":[{"href":"https:\/\/villa-belle-rive.com\/index.php?rest_route=\/wp\/v2\/types\/page"}],"author":[{"embeddable":true,"href":"https:\/\/villa-belle-rive.com\/index.php?rest_route=\/wp\/v2\/users\/1"}],"replies":[{"embeddable":true,"href":"https:\/\/villa-belle-rive.com\/index.php?rest_route=%2Fwp%2Fv2%2Fcomments&post=60"}],"version-history":[{"count":5,"href":"https:\/\/villa-belle-rive.com\/index.php?rest_route=\/wp\/v2\/pages\/60\/revisions"}],"predecessor-version":[{"id":317,"href":"https:\/\/villa-belle-rive.com\/index.php?rest_route=\/wp\/v2\/pages\/60\/revisions\/317"}],"wp:attachment":[{"href":"https:\/\/villa-belle-rive.com\/index.php?rest_route=%2Fwp%2Fv2%2Fmedia&parent=60"}],"curies":[{"name":"wp","href":"https:\/\/api.w.org\/{rel}","templated":true}]}}