{"id":262,"date":"2025-03-19T14:34:28","date_gmt":"2025-03-19T14:34:28","guid":{"rendered":"https:\/\/villa-belle-rive.com\/?page_id=262"},"modified":"2025-03-21T16:28:22","modified_gmt":"2025-03-21T16:28:22","slug":"informations-pratique","status":"publish","type":"page","link":"https:\/\/villa-belle-rive.com\/?page_id=262","title":{"rendered":"Informations pratique"},"content":{"rendered":"\n\n<p>Adresse de la Villa Belle Rive :<\/p>\n\n\n\n<p>95 Avenue du Dr Raymond Picaud<br>06150 Cannes la Bocca<\/p>\n\n\n\n<p>A l&#8217;approche de la Villa Belle Rive, ouvrez l&#8217;\u0153il pour rep\u00e9rer, en hauteur, la fresque murale du c\u00e9l\u00e8bre film \u00ab Autant en emporte le vent \u00bb r\u00e9alis\u00e9e en 2024. Notre portail d&#8217;entr\u00e9e se trouve au pied de cette fresque. Pour entrer, appuyez sur l&#8217;interphone bouton &#8220;R\u00e9ception&#8221;. Une photo de la fresque murale se trouve en bas de page de notre brochure.<\/p>\n\n\n\n<p>Si vous arrivez par l&#8217;a\u00e9roport de Nice, du Terminal 2 part le bus express n\u00b081 qui vous am\u00e8ne jusqu&#8217;\u00e0 la gare centrale de Cannes. Une fois \u00e0 Cannes, le bus no.1 ou no.2 vous m\u00e8ne \u00e0 l&#8217;arr\u00eat \u00ab Le M\u00e9ridien \u00bb (idem si vous venez \u00e0 Cannes par le train), situ\u00e9 \u00e0 environ 50 m\u00e8tres de notre Maison d&#8217;h\u00f4tes.<\/p>\n\n\n\n<p>De l&#8217;a\u00e9roport de Nice, vous pouvez \u00e9galement venir en train, puis descendre \u00e0 la gare de &#8220;Cannes la Bocca&#8221;, toutefois pr\u00e9voir un probable changement car il existe peu de lignes directes reliant &#8220;Saint-Isodore&#8221; (la gare proche de l&#8217;a\u00e9roport) \u00e0 Cannes la Bocca. La gare de Cannes la Bocca se situe \u00e0 seulement 200 m\u00e8tres de la Villa Belle Rive. Une fois arriv\u00e9, remontez la route principale et tournez \u00e0 droite.<\/p>\n\n\n\n<p><\/p>\n\n\n\n\n<figure class=\"wp-block-image size-full\"><img loading=\"lazy\" decoding=\"async\" width=\"666\" height=\"963\" src=\"https:\/\/villa-belle-rive.com\/wp-content\/uploads\/2025\/03\/Mural.png\" alt=\"\" class=\"wp-image-270\" srcset=\"https:\/\/villa-belle-rive.com\/wp-content\/uploads\/2025\/03\/Mural.png 666w, https:\/\/villa-belle-rive.com\/wp-content\/uploads\/2025\/03\/Mural-207x300.png 207w, https:\/\/villa-belle-rive.com\/wp-content\/uploads\/2025\/03\/Mural-230x333.png 230w, https:\/\/villa-belle-rive.com\/wp-content\/uploads\/2025\/03\/Mural-350x506.png 350w, https:\/\/villa-belle-rive.com\/wp-content\/uploads\/2025\/03\/Mural-480x694.png 480w\" sizes=\"auto, (max-width: 666px) 100vw, 666px\" \/><\/figure>\n","protected":false},"excerpt":{"rendered":"","protected":false},"author":1,"featured_media":0,"parent":0,"menu_order":0,"comment_status":"closed","ping_status":"closed","template":"page-templates\/page_fullwidth.php","meta":{"pagelayer_contact_templates":[],"_pagelayer_content":"","footnotes":""},"class_list":["post-262","page","type-page","status-publish","hentry"],"_links":{"self":[{"href":"https:\/\/villa-belle-rive.com\/index.php?rest_route=\/wp\/v2\/pages\/262","targetHints":{"allow":["GET"]}}],"collection":[{"href":"https:\/\/villa-belle-rive.com\/index.php?rest_route=\/wp\/v2\/pages"}],"about":[{"href":"https:\/\/villa-belle-rive.com\/index.php?rest_route=\/wp\/v2\/types\/page"}],"author":[{"embeddable":true,"href":"https:\/\/villa-belle-rive.com\/index.php?rest_route=\/wp\/v2\/users\/1"}],"replies":[{"embeddable":true,"href":"https:\/\/villa-belle-rive.com\/index.php?rest_route=%2Fwp%2Fv2%2Fcomments&post=262"}],"version-history":[{"count":3,"href":"https:\/\/villa-belle-rive.com\/index.php?rest_route=\/wp\/v2\/pages\/262\/revisions"}],"predecessor-version":[{"id":305,"href":"https:\/\/villa-belle-rive.com\/index.php?rest_route=\/wp\/v2\/pages\/262\/revisions\/305"}],"wp:attachment":[{"href":"https:\/\/villa-belle-rive.com\/index.php?rest_route=%2Fwp%2Fv2%2Fmedia&parent=262"}],"curies":[{"name":"wp","href":"https:\/\/api.w.org\/{rel}","templated":true}]}}