{"id":119,"date":"2025-03-16T12:16:31","date_gmt":"2025-03-16T12:16:31","guid":{"rendered":"https:\/\/villa-belle-rive.com\/?page_id=119"},"modified":"2025-03-21T16:43:58","modified_gmt":"2025-03-21T16:43:58","slug":"lhistoire-du-maison","status":"publish","type":"page","link":"https:\/\/villa-belle-rive.com\/?page_id=119","title":{"rendered":"Histoire de la Villa"},"content":{"rendered":"\n<p>Le premier propri\u00e9taire de la &#8220;Villa Belle Rive&#8221; fut Henri Courmont, \u00e9galement Secr\u00e9taire d\u2019\u00c9tat aupr\u00e8s de Prosper M\u00e9rim\u00e9e pour le minist\u00e8re de la Culture, \u00e0 l&#8217;\u00e9poque de Napol\u00e9on III. Il appartenait \u00e9galement au cercle intime de la ni\u00e8ce de Napol\u00e9on, la princesse Mathilde Bonaparte.<br>Eug\u00e8ne Viollet-le-Duc, Prosper M\u00e9rim\u00e9e ainsi que Henri Courmont furent trois personnalit\u00e9s influentes dans le domaine culturel \u00e0 cette \u00e9poque, \u00e0 la t\u00eate de l\u2019Acad\u00e9mie des beaux-arts. Ils supervis\u00e8rent plusieurs grands projets, comme la r\u00e9novation de la cath\u00e9drale Notre-Dame \u00e0 Paris. La correspondance entre M\u00e9rim\u00e9e et Viollet-le-Duc laisse supposer que ce dernier fut l\u2019architecte de la maison de Courmont \u00e0 Paris et de la &#8216;Villa Belle Rive&#8221;.<\/p>\n\n\n\n<figure class=\"wp-block-gallery has-nested-images columns-default is-cropped wp-block-gallery-1 is-layout-flex wp-block-gallery-is-layout-flex\">\n<figure class=\"wp-block-image size-medium is-style-sydney-rounded\"><img loading=\"lazy\" decoding=\"async\" width=\"169\" height=\"300\" data-id=\"158\" src=\"https:\/\/villa-belle-rive.com\/wp-content\/uploads\/2025\/03\/Princesse_Mathilde-169x300.jpg\" alt=\"\" class=\"wp-image-158\" srcset=\"https:\/\/villa-belle-rive.com\/wp-content\/uploads\/2025\/03\/Princesse_Mathilde-169x300.jpg 169w, https:\/\/villa-belle-rive.com\/wp-content\/uploads\/2025\/03\/Princesse_Mathilde-576x1024.jpg 576w, https:\/\/villa-belle-rive.com\/wp-content\/uploads\/2025\/03\/Princesse_Mathilde-768x1365.jpg 768w, https:\/\/villa-belle-rive.com\/wp-content\/uploads\/2025\/03\/Princesse_Mathilde-864x1536.jpg 864w, https:\/\/villa-belle-rive.com\/wp-content\/uploads\/2025\/03\/Princesse_Mathilde-1152x2048.jpg 1152w, https:\/\/villa-belle-rive.com\/wp-content\/uploads\/2025\/03\/Princesse_Mathilde-1000x1778.jpg 1000w, https:\/\/villa-belle-rive.com\/wp-content\/uploads\/2025\/03\/Princesse_Mathilde-230x409.jpg 230w, https:\/\/villa-belle-rive.com\/wp-content\/uploads\/2025\/03\/Princesse_Mathilde-350x622.jpg 350w, https:\/\/villa-belle-rive.com\/wp-content\/uploads\/2025\/03\/Princesse_Mathilde-480x853.jpg 480w, https:\/\/villa-belle-rive.com\/wp-content\/uploads\/2025\/03\/Princesse_Mathilde-scaled.jpg 1440w\" sizes=\"auto, (max-width: 169px) 100vw, 169px\" \/><figcaption class=\"wp-element-caption\">Princes Mathilde<\/figcaption><\/figure>\n\n\n\n<figure class=\"wp-block-image size-large is-style-sydney-rounded\"><img loading=\"lazy\" decoding=\"async\" width=\"849\" height=\"1024\" data-id=\"157\" src=\"https:\/\/villa-belle-rive.com\/wp-content\/uploads\/2025\/03\/Prosper_Merimee-849x1024.jpg\" alt=\"\" class=\"wp-image-157\" srcset=\"https:\/\/villa-belle-rive.com\/wp-content\/uploads\/2025\/03\/Prosper_Merimee-849x1024.jpg 849w, https:\/\/villa-belle-rive.com\/wp-content\/uploads\/2025\/03\/Prosper_Merimee-249x300.jpg 249w, https:\/\/villa-belle-rive.com\/wp-content\/uploads\/2025\/03\/Prosper_Merimee-768x926.jpg 768w, https:\/\/villa-belle-rive.com\/wp-content\/uploads\/2025\/03\/Prosper_Merimee-1273x1536.jpg 1273w, https:\/\/villa-belle-rive.com\/wp-content\/uploads\/2025\/03\/Prosper_Merimee-1000x1206.jpg 1000w, https:\/\/villa-belle-rive.com\/wp-content\/uploads\/2025\/03\/Prosper_Merimee-230x277.jpg 230w, https:\/\/villa-belle-rive.com\/wp-content\/uploads\/2025\/03\/Prosper_Merimee-350x422.jpg 350w, https:\/\/villa-belle-rive.com\/wp-content\/uploads\/2025\/03\/Prosper_Merimee-480x579.jpg 480w, https:\/\/villa-belle-rive.com\/wp-content\/uploads\/2025\/03\/Prosper_Merimee.jpg 1357w\" sizes=\"auto, (max-width: 849px) 100vw, 849px\" \/><figcaption class=\"wp-element-caption\">Prosper M\u00e9rim\u00e9e<\/figcaption><\/figure>\n\n\n\n<figure class=\"wp-block-image size-large is-style-sydney-rounded\"><img loading=\"lazy\" decoding=\"async\" width=\"733\" height=\"1024\" data-id=\"156\" src=\"https:\/\/villa-belle-rive.com\/wp-content\/uploads\/2025\/03\/Eugene_Viollet_le_Duc-733x1024.jpg\" alt=\"\" class=\"wp-image-156\" srcset=\"https:\/\/villa-belle-rive.com\/wp-content\/uploads\/2025\/03\/Eugene_Viollet_le_Duc-733x1024.jpg 733w, https:\/\/villa-belle-rive.com\/wp-content\/uploads\/2025\/03\/Eugene_Viollet_le_Duc-215x300.jpg 215w, https:\/\/villa-belle-rive.com\/wp-content\/uploads\/2025\/03\/Eugene_Viollet_le_Duc-768x1073.jpg 768w, https:\/\/villa-belle-rive.com\/wp-content\/uploads\/2025\/03\/Eugene_Viollet_le_Duc-1099x1536.jpg 1099w, https:\/\/villa-belle-rive.com\/wp-content\/uploads\/2025\/03\/Eugene_Viollet_le_Duc-1466x2048.jpg 1466w, https:\/\/villa-belle-rive.com\/wp-content\/uploads\/2025\/03\/Eugene_Viollet_le_Duc-1000x1397.jpg 1000w, https:\/\/villa-belle-rive.com\/wp-content\/uploads\/2025\/03\/Eugene_Viollet_le_Duc-230x321.jpg 230w, https:\/\/villa-belle-rive.com\/wp-content\/uploads\/2025\/03\/Eugene_Viollet_le_Duc-350x489.jpg 350w, https:\/\/villa-belle-rive.com\/wp-content\/uploads\/2025\/03\/Eugene_Viollet_le_Duc-480x671.jpg 480w, https:\/\/villa-belle-rive.com\/wp-content\/uploads\/2025\/03\/Eugene_Viollet_le_Duc.jpg 1501w\" sizes=\"auto, (max-width: 733px) 100vw, 733px\" \/><figcaption class=\"wp-element-caption\">Eug\u00e8ne&nbsp;Viollet-le-Duc<\/figcaption><\/figure>\n\n\n\n<figure class=\"wp-block-image size-large is-style-sydney-rounded\"><img loading=\"lazy\" decoding=\"async\" width=\"197\" height=\"233\" data-id=\"155\" src=\"https:\/\/villa-belle-rive.com\/wp-content\/uploads\/2025\/03\/CourmontFace.png\" alt=\"\" class=\"wp-image-155\"\/><figcaption class=\"wp-element-caption\">Henri Courmont<\/figcaption><\/figure>\n\n\n\n<figure class=\"wp-block-image size-large is-style-sydney-rounded\"><img loading=\"lazy\" decoding=\"async\" width=\"1024\" height=\"832\" data-id=\"163\" src=\"https:\/\/villa-belle-rive.com\/wp-content\/uploads\/2025\/03\/Villa1860-1024x832.jpg\" alt=\"\" class=\"wp-image-163\" srcset=\"https:\/\/villa-belle-rive.com\/wp-content\/uploads\/2025\/03\/Villa1860-1024x832.jpg 1024w, https:\/\/villa-belle-rive.com\/wp-content\/uploads\/2025\/03\/Villa1860-300x244.jpg 300w, https:\/\/villa-belle-rive.com\/wp-content\/uploads\/2025\/03\/Villa1860-768x624.jpg 768w, https:\/\/villa-belle-rive.com\/wp-content\/uploads\/2025\/03\/Villa1860-1536x1248.jpg 1536w, https:\/\/villa-belle-rive.com\/wp-content\/uploads\/2025\/03\/Villa1860-2048x1664.jpg 2048w, https:\/\/villa-belle-rive.com\/wp-content\/uploads\/2025\/03\/Villa1860-1000x812.jpg 1000w, https:\/\/villa-belle-rive.com\/wp-content\/uploads\/2025\/03\/Villa1860-230x187.jpg 230w, https:\/\/villa-belle-rive.com\/wp-content\/uploads\/2025\/03\/Villa1860-350x284.jpg 350w, https:\/\/villa-belle-rive.com\/wp-content\/uploads\/2025\/03\/Villa1860-480x390.jpg 480w\" sizes=\"auto, (max-width: 1024px) 100vw, 1024px\" \/><figcaption class=\"wp-element-caption\">Belle Rive in 1865<\/figcaption><\/figure>\n<\/figure>\n\n\n\n<p>Apr\u00e8s le d\u00e9c\u00e8s d\u2019Henri Courmont, sa veuve vendit la &#8220;Villa Belle Rive&#8221; en 1900 \u00e0 Fran\u00e7ois-Henri Lavanchy-Clarke. Lavanchy-Clarke \u00e9tait connu comme l\u2019homme qui a introduit le savon de la marque Sunlight ainsi que d\u2019autres produits Lever Brothers (aujourd\u2019hui Unilever) sur le continent europ\u00e9en. Il a \u00e9galement invent\u00e9 une fonctionnalit\u00e9 cl\u00e9 pour rendre possible la chrono-photographie, fonctionnalit\u00e9 n\u00e9cessaire pour les fr\u00e8res Lumi\u00e8re, afin qu&#8217;ils puissent cr\u00e9er le Cin\u00e9matographe. En \u00e9change de son brevet, Lavanchy-Clarke a obtenu les droits exclusifs d\u2019utilisation de cet appareil photo pour faire des films en Suisse et \u00e0 Port Sunlight (ville des Lever Brothers au Royaume-Uni). Beaucoup de ses films ont \u00e9t\u00e9 retrouv\u00e9s lors de r\u00e9novations \u00e0 la &#8220;Villa Belle Rive&#8221; et ont \u00e9t\u00e9 confi\u00e9s au Centre National du Cin\u00e9ma. Lavanchy-Clarke a \u00e9galement jou\u00e9 un r\u00f4le majeur pour am\u00e9liorer la situation des non-voyants. Photographe passionn\u00e9, Lavanchy-Clarke a document\u00e9 &#8220;la Villa Belle Rive&#8221; peu de temps apr\u00e8s en \u00eatre devenu le propri\u00e9taire.<\/p>\n\n\n\n<figure class=\"wp-block-image size-full\"><img loading=\"lazy\" decoding=\"async\" width=\"2560\" height=\"706\" src=\"https:\/\/villa-belle-rive.com\/wp-content\/uploads\/2025\/03\/PanoramaNorth-scaled.jpg\" alt=\"\" class=\"wp-image-172\" srcset=\"https:\/\/villa-belle-rive.com\/wp-content\/uploads\/2025\/03\/PanoramaNorth-scaled.jpg 2560w, https:\/\/villa-belle-rive.com\/wp-content\/uploads\/2025\/03\/PanoramaNorth-300x83.jpg 300w, https:\/\/villa-belle-rive.com\/wp-content\/uploads\/2025\/03\/PanoramaNorth-1024x282.jpg 1024w, https:\/\/villa-belle-rive.com\/wp-content\/uploads\/2025\/03\/PanoramaNorth-768x212.jpg 768w, https:\/\/villa-belle-rive.com\/wp-content\/uploads\/2025\/03\/PanoramaNorth-1536x423.jpg 1536w, https:\/\/villa-belle-rive.com\/wp-content\/uploads\/2025\/03\/PanoramaNorth-2048x565.jpg 2048w, https:\/\/villa-belle-rive.com\/wp-content\/uploads\/2025\/03\/PanoramaNorth-1000x276.jpg 1000w, https:\/\/villa-belle-rive.com\/wp-content\/uploads\/2025\/03\/PanoramaNorth-230x63.jpg 230w, https:\/\/villa-belle-rive.com\/wp-content\/uploads\/2025\/03\/PanoramaNorth-350x96.jpg 350w, https:\/\/villa-belle-rive.com\/wp-content\/uploads\/2025\/03\/PanoramaNorth-480x132.jpg 480w\" sizes=\"auto, (max-width: 2560px) 100vw, 2560px\" \/><figcaption class=\"wp-element-caption\">Face nord de Villa Belle Rive<\/figcaption><\/figure>\n\n\n\n<figure class=\"wp-block-image size-full\"><img loading=\"lazy\" decoding=\"async\" width=\"2560\" height=\"750\" src=\"https:\/\/villa-belle-rive.com\/wp-content\/uploads\/2025\/03\/SouthPanorama-scaled.jpg\" alt=\"\" class=\"wp-image-174\" srcset=\"https:\/\/villa-belle-rive.com\/wp-content\/uploads\/2025\/03\/SouthPanorama-scaled.jpg 2560w, https:\/\/villa-belle-rive.com\/wp-content\/uploads\/2025\/03\/SouthPanorama-300x88.jpg 300w, https:\/\/villa-belle-rive.com\/wp-content\/uploads\/2025\/03\/SouthPanorama-1024x300.jpg 1024w, https:\/\/villa-belle-rive.com\/wp-content\/uploads\/2025\/03\/SouthPanorama-768x225.jpg 768w, https:\/\/villa-belle-rive.com\/wp-content\/uploads\/2025\/03\/SouthPanorama-1536x450.jpg 1536w, https:\/\/villa-belle-rive.com\/wp-content\/uploads\/2025\/03\/SouthPanorama-2048x600.jpg 2048w, https:\/\/villa-belle-rive.com\/wp-content\/uploads\/2025\/03\/SouthPanorama-1000x293.jpg 1000w, https:\/\/villa-belle-rive.com\/wp-content\/uploads\/2025\/03\/SouthPanorama-230x67.jpg 230w, https:\/\/villa-belle-rive.com\/wp-content\/uploads\/2025\/03\/SouthPanorama-350x103.jpg 350w, https:\/\/villa-belle-rive.com\/wp-content\/uploads\/2025\/03\/SouthPanorama-480x141.jpg 480w\" sizes=\"auto, (max-width: 2560px) 100vw, 2560px\" \/><figcaption class=\"wp-element-caption\">Face sud (c\u00f4t\u00e9 mer) de Villa Belle Rive<\/figcaption><\/figure>\n\n\n\n<p class=\"has-text-align-left is-style-default\">Puis ses enfants ont grandi et Lavanchy-Clarke a eu besoin de plus d\u2019espace \u00e0 la &#8220;Villa Belle Rive&#8221;. Henri Courmont, le premier propri\u00e9taire avait d\u00e9j\u00e0 adjoint deux ailes (sur pilotis) \u00e0 la construction principale. Aujourd\u2019hui, l&#8217;une de ces deux ailes abrite la partie &#8220;R\u00e9ception&#8221; o\u00f9 vous vous enregistrez, pour effectuer votre s\u00e9jour.<\/p>\n\n\n\n<p class=\"has-text-align-left is-style-default\">Puis, Lavanchy a poursuivi les am\u00e9liorations de H. Courmont en ajoutant, \u00e0 son tour, une chambre au-dessus de chacune des deux ailes. Aujourd&#8217;hui, ces chambres sont appel\u00e9es &#8220;Aile Est&#8221; et &#8220;Aile Ouest&#8221;, toutes deux offrant une vue plongeante et imprenable sur notre spacieux jardin arbor\u00e9, notre grande piscine et au-del\u00e0, la mer m\u00e9diterran\u00e9e qui jouxte la Villa, avec sa plage et son chemin devant la b\u00e2tisse, qui vous invitent \u00e0 vous promener et \u00e0 fl\u00e2ner. De plus, chacune des chambres dispose de deux g\u00e9n\u00e9reux balcons pour que les clients savourent des moments magiques. L\u2019extension de la Villa Belle Rive a \u00e9t\u00e9 confi\u00e9e au c\u00e9l\u00e8bre architecte James Warnery.<\/p>\n\n\n\n<figure class=\"wp-block-gallery has-nested-images columns-default is-cropped wp-block-gallery-2 is-layout-flex wp-block-gallery-is-layout-flex\">\n<figure class=\"wp-block-image size-large is-style-default\"><img loading=\"lazy\" decoding=\"async\" width=\"600\" height=\"484\" data-id=\"178\" src=\"https:\/\/villa-belle-rive.com\/wp-content\/uploads\/2025\/03\/Warnery1.png\" alt=\"\" class=\"wp-image-178\" srcset=\"https:\/\/villa-belle-rive.com\/wp-content\/uploads\/2025\/03\/Warnery1.png 600w, https:\/\/villa-belle-rive.com\/wp-content\/uploads\/2025\/03\/Warnery1-300x242.png 300w, https:\/\/villa-belle-rive.com\/wp-content\/uploads\/2025\/03\/Warnery1-230x186.png 230w, https:\/\/villa-belle-rive.com\/wp-content\/uploads\/2025\/03\/Warnery1-350x282.png 350w, https:\/\/villa-belle-rive.com\/wp-content\/uploads\/2025\/03\/Warnery1-480x387.png 480w\" sizes=\"auto, (max-width: 600px) 100vw, 600px\" \/><\/figure>\n\n\n\n<figure class=\"wp-block-image size-large is-style-default\"><img loading=\"lazy\" decoding=\"async\" width=\"600\" height=\"484\" data-id=\"179\" src=\"https:\/\/villa-belle-rive.com\/wp-content\/uploads\/2025\/03\/Warnery2.png\" alt=\"\" class=\"wp-image-179\" srcset=\"https:\/\/villa-belle-rive.com\/wp-content\/uploads\/2025\/03\/Warnery2.png 600w, https:\/\/villa-belle-rive.com\/wp-content\/uploads\/2025\/03\/Warnery2-300x242.png 300w, https:\/\/villa-belle-rive.com\/wp-content\/uploads\/2025\/03\/Warnery2-230x186.png 230w, https:\/\/villa-belle-rive.com\/wp-content\/uploads\/2025\/03\/Warnery2-350x282.png 350w, https:\/\/villa-belle-rive.com\/wp-content\/uploads\/2025\/03\/Warnery2-480x387.png 480w\" sizes=\"auto, (max-width: 600px) 100vw, 600px\" \/><\/figure>\n<\/figure>\n\n\n\n<p>\u00c0 cette \u00e9poque, Cannes la Bocca \u00e9tait le lieu de pr\u00e9dilection de l&#8217;aristocratie et des personnes tr\u00e8s ais\u00e9es, fran\u00e7aises et \u00e9trang\u00e8res. A titre d&#8217;exemple, la &#8220;Villa Belle Rive&#8221;, sur son flanc Ouest, avait au 19 \u00e8me si\u00e8cle pour illustre voisin, Edouard Fould, homme politique et un des fondateurs de la Banque de Paris. Son &#8220;Ch\u00e2let Ligne&#8221; ainsi que &#8216;Villa Belle Rive&#8221; furent construites en m\u00eame temps. Sur le flanc Est de la Villa, le baron Silvansky fit construire la &#8220;Villa du M\u00e9ridien&#8221;, qu\u2019il pr\u00eata au Grand-Duc Michel de Russie \u00e0 partir de 1904 , pour qu&#8217;elle serve de clinique aux officiers russes bless\u00e9s. De l\u2019autre c\u00f4t\u00e9 de la rue, la riche famille am\u00e9ricaine Vanderbilt issue du monde du commerce et des affaires construisit la &#8220;Villa Allegria&#8221;, aujourd\u2019hui connue sous le nom de &#8220;Ch\u00e2teau Font de Veyre&#8221; et abritant la conservatoire. Aujourd\u2019hui, la &#8216;Villa Belle Rive&#8221; et le &#8220;Ch\u00e2teau Font de Veyre&#8221; sont les deux seules villas de l&#8217;\u00e9poque, qui ont surv\u00e9cu dans le quartier.<\/p>\n\n\n\n<figure class=\"wp-block-gallery has-nested-images columns-default is-cropped wp-block-gallery-3 is-layout-flex wp-block-gallery-is-layout-flex\">\n<figure class=\"wp-block-image size-large\"><img loading=\"lazy\" decoding=\"async\" width=\"600\" height=\"415\" data-id=\"189\" src=\"https:\/\/villa-belle-rive.com\/wp-content\/uploads\/2025\/03\/meridien2.png\" alt=\"\" class=\"wp-image-189\" srcset=\"https:\/\/villa-belle-rive.com\/wp-content\/uploads\/2025\/03\/meridien2.png 600w, https:\/\/villa-belle-rive.com\/wp-content\/uploads\/2025\/03\/meridien2-300x208.png 300w, https:\/\/villa-belle-rive.com\/wp-content\/uploads\/2025\/03\/meridien2-230x159.png 230w, https:\/\/villa-belle-rive.com\/wp-content\/uploads\/2025\/03\/meridien2-350x242.png 350w, https:\/\/villa-belle-rive.com\/wp-content\/uploads\/2025\/03\/meridien2-480x332.png 480w\" sizes=\"auto, (max-width: 600px) 100vw, 600px\" \/><figcaption class=\"wp-element-caption\">Villa du Meridien<\/figcaption><\/figure>\n\n\n\n<figure class=\"wp-block-image size-large\"><img loading=\"lazy\" decoding=\"async\" width=\"600\" height=\"415\" data-id=\"187\" src=\"https:\/\/villa-belle-rive.com\/wp-content\/uploads\/2025\/03\/Ligne3.png\" alt=\"\" class=\"wp-image-187\" srcset=\"https:\/\/villa-belle-rive.com\/wp-content\/uploads\/2025\/03\/Ligne3.png 600w, https:\/\/villa-belle-rive.com\/wp-content\/uploads\/2025\/03\/Ligne3-300x208.png 300w, https:\/\/villa-belle-rive.com\/wp-content\/uploads\/2025\/03\/Ligne3-230x159.png 230w, https:\/\/villa-belle-rive.com\/wp-content\/uploads\/2025\/03\/Ligne3-350x242.png 350w, https:\/\/villa-belle-rive.com\/wp-content\/uploads\/2025\/03\/Ligne3-480x332.png 480w\" sizes=\"auto, (max-width: 600px) 100vw, 600px\" \/><figcaption class=\"wp-element-caption\">Ch\u00e2let Ligne<\/figcaption><\/figure>\n\n\n\n<figure class=\"wp-block-image size-large\"><img loading=\"lazy\" decoding=\"async\" width=\"600\" height=\"415\" data-id=\"188\" src=\"https:\/\/villa-belle-rive.com\/wp-content\/uploads\/2025\/03\/Vanderbilt.png\" alt=\"\" class=\"wp-image-188\" srcset=\"https:\/\/villa-belle-rive.com\/wp-content\/uploads\/2025\/03\/Vanderbilt.png 600w, https:\/\/villa-belle-rive.com\/wp-content\/uploads\/2025\/03\/Vanderbilt-300x208.png 300w, https:\/\/villa-belle-rive.com\/wp-content\/uploads\/2025\/03\/Vanderbilt-230x159.png 230w, https:\/\/villa-belle-rive.com\/wp-content\/uploads\/2025\/03\/Vanderbilt-350x242.png 350w, https:\/\/villa-belle-rive.com\/wp-content\/uploads\/2025\/03\/Vanderbilt-480x332.png 480w\" sizes=\"auto, (max-width: 600px) 100vw, 600px\" \/><figcaption class=\"wp-element-caption\">Ch\u00e2teau Font de Veyre<\/figcaption><\/figure>\n<\/figure>\n\n\n\n<p>Lavanchy-Clarke puis son fils ensuite, continu\u00e8rent de profiter de la &#8220;Villa Belle Rive&#8221; comme r\u00e9sidence d\u2019hiver jusqu\u2019\u00e0 la Seconde Guerre mondiale. Pendant la guerre, ils v\u00e9curent au Royaume-Uni puis se sont rendus en Belgique sans revenir \u00e0 la Villa. Ce n\u2019est qu\u2019\u00e0 sa retraite, \u00e0 la fin des ann\u00e9es 1950, qu\u2019Henri Clarke-Lavanchy (le fils de Lavanchy-Clarke) retourna \u00e0 la &#8216;Villa Belle Rive&#8221;. Apr\u00e8s son d\u00e9c\u00e8s, son fils, Jack William Lavanchy, transforma la &#8220;Villa Belle Rive&#8221; en Coll\u00e8ge europ\u00e9en PADI (Professional Association of Diving Instructors), centre de formation pour les instructeurs de plong\u00e9e loisir.<\/p>\n\n\n\n<p>Dans les ann\u00e9es 1980, la partie inf\u00e9rieure de la villa a \u00e9t\u00e9 transform\u00e9e pour cr\u00e9er des salles de classe.<br>La piscine a \u00e9galement \u00e9t\u00e9 ajout\u00e9e \u00e0 cette \u00e9poque. Au milieu des ann\u00e9es 1990, le Coll\u00e8ge Europ\u00e9en PADI a r\u00e9ussi sa mission pour devenir le principal organisme de formation de plongeurs en Europe. <\/p>\n\n\n\n<p>Puis Daniela et Jan ont eu l\u2019opportunit\u00e9 de reprendre la &#8220;Villa Belle Rive&#8221; avec son infrastructure existante pour cr\u00e9er &#8220;l\u2019\u00c9cole de Formation des Instructeurs&#8221;. Cette activit\u00e9 s&#8217;est d\u00e9roul\u00e9e jusqu&#8217;en 2017. Au total, le Coll\u00e8ge europ\u00e9en PADI ainsi que l\u2019\u00c9cole de Formation des Instructeurs ont form\u00e9 plus de 5\u00a0000 instructeurs de plong\u00e9e sous-marine, fran\u00e7ais et \u00e9trangers.<\/p>\n\n\n\n<p>Et depuis 2017, Daniela et Jan ont fait \u00e9voluer leur activit\u00e9 en transformant la &#8220;Villa Belle Rive&#8221; en une agr\u00e9able et chaleureuse Maison d&#8217;H\u00f4tes.<\/p>\n\n\n\n<p><\/p>\n","protected":false},"excerpt":{"rendered":"<p>Le premier propri\u00e9taire de la &#8220;Villa Belle Rive&#8221; fut Henri Courmont, \u00e9galement Secr\u00e9taire d\u2019\u00c9tat aupr\u00e8s de Prosper M\u00e9rim\u00e9e pour le minist\u00e8re de [&hellip;]<\/p>\n","protected":false},"author":1,"featured_media":0,"parent":0,"menu_order":0,"comment_status":"closed","ping_status":"closed","template":"page-templates\/page_fullwidth.php","meta":{"pagelayer_contact_templates":[],"_pagelayer_content":"","footnotes":""},"class_list":["post-119","page","type-page","status-publish","hentry"],"_links":{"self":[{"href":"https:\/\/villa-belle-rive.com\/index.php?rest_route=\/wp\/v2\/pages\/119","targetHints":{"allow":["GET"]}}],"collection":[{"href":"https:\/\/villa-belle-rive.com\/index.php?rest_route=\/wp\/v2\/pages"}],"about":[{"href":"https:\/\/villa-belle-rive.com\/index.php?rest_route=\/wp\/v2\/types\/page"}],"author":[{"embeddable":true,"href":"https:\/\/villa-belle-rive.com\/index.php?rest_route=\/wp\/v2\/users\/1"}],"replies":[{"embeddable":true,"href":"https:\/\/villa-belle-rive.com\/index.php?rest_route=%2Fwp%2Fv2%2Fcomments&post=119"}],"version-history":[{"count":20,"href":"https:\/\/villa-belle-rive.com\/index.php?rest_route=\/wp\/v2\/pages\/119\/revisions"}],"predecessor-version":[{"id":311,"href":"https:\/\/villa-belle-rive.com\/index.php?rest_route=\/wp\/v2\/pages\/119\/revisions\/311"}],"wp:attachment":[{"href":"https:\/\/villa-belle-rive.com\/index.php?rest_route=%2Fwp%2Fv2%2Fmedia&parent=119"}],"curies":[{"name":"wp","href":"https:\/\/api.w.org\/{rel}","templated":true}]}}