{"id":114,"date":"2025-03-16T12:10:24","date_gmt":"2025-03-16T12:10:24","guid":{"rendered":"https:\/\/villa-belle-rive.com\/?page_id=114"},"modified":"2025-03-24T13:57:40","modified_gmt":"2025-03-24T13:57:40","slug":"unser-angebot","status":"publish","type":"page","link":"https:\/\/villa-belle-rive.com\/?page_id=114","title":{"rendered":"Unser Angebot"},"content":{"rendered":"\n\nEine Oase inmitten moderner Geb\u00e4ude mit Pool (in der Sommersaison) und direktem Zugang zum Strand. Unser 1863 erbautes Haus stammt aus der \u201eBelle Epoque\u201c und wurde weitgehend im Originalzustand erhalten.\n\n\n\nEine entspannte und ruhige Umgebung. Wir erlauben keine Partys und bestehen auf Einhaltung der n\u00e4chtlichen Ruhezeiten.\n\n\n\nAls G\u00e4stehaus bieten wir den Charme des pers\u00f6nlichen Kontakts in einer kleinen Gemeinschaft aus Mitarbeitern und anderen G\u00e4sten. Allerdings k\u00f6nnen wir nicht die gleichen Dienstleistungen wie Hotels anbieten. Unsere An- und Abreisezeiten sind nicht rund um die Uhr. Sie k\u00f6nnen gerne zwischen 16:00 und 20:00 Uhr einchecken. Der Check-out erfolgt zwischen 07:00 und 10:00 Uhr. Sollten Sie fr\u00fcher anreisen oder die Zeit nach dem Check-out nutzen wollen, bewahren wir Ihr Gep\u00e4ck gerne f\u00fcr einige Stunden auf.\n\n\n\nEin K\u00fchlschrank und ein Wasserkocher stehen in Ihrem Zimmer f\u00fcr Ihre pers\u00f6nlichen Getr\u00e4nke\/Erfrischungen bereit. F\u00fcr den ersten Tag stellen wir Ihnen Kaffee, Tee, Milch und Zucker zur Verf\u00fcgung. Sobald Sie diese aufgebraucht haben, kennen Sie sich in der Stadt aus und k\u00f6nnen Ihre pers\u00f6nlichen Eink\u00e4ufe erledigen.\n\n\n\nDie Zimmer verf\u00fcgen \u00fcber eine Heizung im Winter und einen Ventilator im Sommer. Unser Haus ist nicht klimatisiert. Sollten Sie hitzeempfindlich sein, empfehlen wir Ihnen eine Unterkunft zu w\u00e4hlen, die Ihren Bed\u00fcrfnissen entspricht. Die C\u00f4te d&#8217;Azur ist bekannt f\u00fcr warme Sommer.\n\n\n\nZimmerreinigung und weitere Dienstleistungen sind \u201e\u00e0 la carte\u201c. Die Zimmerreinigung sowie der Wechsel von Bettw\u00e4sche und Handt\u00fcchern sind nicht im Preis inbegriffen. Sie entscheiden, ob und wann Ihr Zimmer gereinigt werden soll. Die Preise f\u00fcr die verschiedenen Dienstleistungen finden Sie in der Hausordnung in Ihrem Zimmer.\n\n\n\nFr\u00fchst\u00fcck mit \u00fcberwiegend selbstgemachten Produkten. Wir backen unser Brot selbst und stellen Joghurt, M\u00fcsli und Marmeladen selbst her. Produkte, die wir nicht selbst herstellen, wie Obst, K\u00e4se und Schinken, kaufen wir in Bio-Qualit\u00e4t. Die Preise f\u00fcr das Fr\u00fchst\u00fcck finden Sie in unserer Preisliste.\n\n\n\nWLAN ist im Gemeinschaftsbereichen w\u00e4hrend den Gesch\u00e4ftszeiten verf\u00fcgbar. Im Ostfl\u00fcgel, Westfl\u00fcgel und S\u00fcdzimmer ist WLAN rund um die Uhr verf\u00fcgbar. Wenn Sie permanenten WLAN-Empfang ben\u00f6tigen, sollten Sie sich f\u00fcr eines dieser drei Zimmer entscheiden.\n\n\n\nUm die Wahrscheinlichkeit zu erh\u00f6hen, dass Sie nicht durch das Verhalten anderer G\u00e4ste gest\u00f6rt werden, haben wir eine Kautionsregelung. G\u00e4ste hinterlegen beim Check-in eine Kaution von 200 Euro in bar, die Ihnen beim Check-out zur\u00fcckerstattet wird. Die Erfahrung hat gezeigt, dass diese Regelung G\u00e4ste, die zu st\u00f6rendem Verhalten neigen, abschreckt.\n\n\n\nKostenpflichtige Parkpl\u00e4tze stehen auf dem Gel\u00e4nde zur Verf\u00fcgung. Die Anzahl der Parkpl\u00e4tze ist begrenzt. Um sich einen Parkplatz zu sichern, bitten wir Sie, vorab zu reservieren. Kostenlose \u00f6ffentliche Parkpl\u00e4tze finden Sie im Umkreis von 200 Metern. Auf dem Gel\u00e4nde stehen ausschliesslich Parkpl\u00e4tze f\u00fcr normal grosse Autos zur Verf\u00fcgung.\n\n\n\nUnsere G\u00e4rten sind eine wahre Pracht. Hier finden Sie zahlreiche Sitzgelegenheiten, um die Umgebung zu geniessen.\n\n\n\n\n<figure class=\"wp-block-gallery has-nested-images columns-default is-cropped wp-block-gallery-1 is-layout-flex wp-block-gallery-is-layout-flex\">\n<figure class=\"wp-block-image size-large\"><img loading=\"lazy\" decoding=\"async\" width=\"600\" height=\"484\" data-id=\"147\" src=\"https:\/\/villa-belle-rive.com\/wp-content\/uploads\/2025\/03\/Garden3.png\" alt=\"\" class=\"wp-image-147\" srcset=\"https:\/\/villa-belle-rive.com\/wp-content\/uploads\/2025\/03\/Garden3.png 600w, https:\/\/villa-belle-rive.com\/wp-content\/uploads\/2025\/03\/Garden3-300x242.png 300w, https:\/\/villa-belle-rive.com\/wp-content\/uploads\/2025\/03\/Garden3-230x186.png 230w, https:\/\/villa-belle-rive.com\/wp-content\/uploads\/2025\/03\/Garden3-350x282.png 350w, https:\/\/villa-belle-rive.com\/wp-content\/uploads\/2025\/03\/Garden3-480x387.png 480w\" sizes=\"auto, (max-width: 600px) 100vw, 600px\" \/><\/figure>\n\n\n\n<figure class=\"wp-block-image size-large\"><img loading=\"lazy\" decoding=\"async\" width=\"600\" height=\"484\" data-id=\"146\" src=\"https:\/\/villa-belle-rive.com\/wp-content\/uploads\/2025\/03\/Garden1.png\" alt=\"\" class=\"wp-image-146\" srcset=\"https:\/\/villa-belle-rive.com\/wp-content\/uploads\/2025\/03\/Garden1.png 600w, https:\/\/villa-belle-rive.com\/wp-content\/uploads\/2025\/03\/Garden1-300x242.png 300w, https:\/\/villa-belle-rive.com\/wp-content\/uploads\/2025\/03\/Garden1-230x186.png 230w, https:\/\/villa-belle-rive.com\/wp-content\/uploads\/2025\/03\/Garden1-350x282.png 350w, https:\/\/villa-belle-rive.com\/wp-content\/uploads\/2025\/03\/Garden1-480x387.png 480w\" sizes=\"auto, (max-width: 600px) 100vw, 600px\" \/><\/figure>\n\n\n\n<figure class=\"wp-block-image size-large\"><img loading=\"lazy\" decoding=\"async\" width=\"600\" height=\"484\" data-id=\"145\" src=\"https:\/\/villa-belle-rive.com\/wp-content\/uploads\/2025\/03\/Garden2.png\" alt=\"\" class=\"wp-image-145\" srcset=\"https:\/\/villa-belle-rive.com\/wp-content\/uploads\/2025\/03\/Garden2.png 600w, https:\/\/villa-belle-rive.com\/wp-content\/uploads\/2025\/03\/Garden2-300x242.png 300w, https:\/\/villa-belle-rive.com\/wp-content\/uploads\/2025\/03\/Garden2-230x186.png 230w, https:\/\/villa-belle-rive.com\/wp-content\/uploads\/2025\/03\/Garden2-350x282.png 350w, https:\/\/villa-belle-rive.com\/wp-content\/uploads\/2025\/03\/Garden2-480x387.png 480w\" sizes=\"auto, (max-width: 600px) 100vw, 600px\" \/><\/figure>\n<\/figure>\n\n\n\n<p>Folgen Sie diesem <a href=\"https:\/\/villa-belle-rive.com\/wp-content\/uploads\/2025\/03\/PriceList2025Web.pdf\">Link <\/a>zu unserer aktuellen Preisliste. Sobald Sie sich f\u00fcr eines unserer <a href=\"https:\/\/villa-belle-rive.com\/?page_id=64\" data-type=\"page\" data-id=\"64\">Zimmer<\/a> entschieden haben, kontaktieren Sie uns bitte unter <a href=\"mailto:info@villa-belle-rive.com\">info@villa-belle-rive.com<\/a> oder rufen Sie uns unter +33624571275 an. Wir freuen uns Sie bei uns begr\u00fcssen zu d\u00fcrfen!<\/p>\n\n\n\n<p><\/p>\n","protected":false},"excerpt":{"rendered":"<p>Folgen Sie diesem Link zu unserer aktuellen Preisliste. Sobald Sie sich f\u00fcr eines unserer Zimmer entschieden haben, kontaktieren Sie uns bitte unter [&hellip;]<\/p>\n","protected":false},"author":1,"featured_media":0,"parent":0,"menu_order":0,"comment_status":"closed","ping_status":"closed","template":"page-templates\/page_fullwidth.php","meta":{"pagelayer_contact_templates":[],"_pagelayer_content":"","footnotes":""},"class_list":["post-114","page","type-page","status-publish","hentry"],"_links":{"self":[{"href":"https:\/\/villa-belle-rive.com\/index.php?rest_route=\/wp\/v2\/pages\/114","targetHints":{"allow":["GET"]}}],"collection":[{"href":"https:\/\/villa-belle-rive.com\/index.php?rest_route=\/wp\/v2\/pages"}],"about":[{"href":"https:\/\/villa-belle-rive.com\/index.php?rest_route=\/wp\/v2\/types\/page"}],"author":[{"embeddable":true,"href":"https:\/\/villa-belle-rive.com\/index.php?rest_route=\/wp\/v2\/users\/1"}],"replies":[{"embeddable":true,"href":"https:\/\/villa-belle-rive.com\/index.php?rest_route=%2Fwp%2Fv2%2Fcomments&post=114"}],"version-history":[{"count":7,"href":"https:\/\/villa-belle-rive.com\/index.php?rest_route=\/wp\/v2\/pages\/114\/revisions"}],"predecessor-version":[{"id":339,"href":"https:\/\/villa-belle-rive.com\/index.php?rest_route=\/wp\/v2\/pages\/114\/revisions\/339"}],"wp:attachment":[{"href":"https:\/\/villa-belle-rive.com\/index.php?rest_route=%2Fwp%2Fv2%2Fmedia&parent=114"}],"curies":[{"name":"wp","href":"https:\/\/api.w.org\/{rel}","templated":true}]}}